{"id":5455,"date":"2022-05-12T10:32:20","date_gmt":"2022-05-12T10:32:20","guid":{"rendered":"http:\/\/s908823809.mialojamiento.es\/unkategorisiert\/e1-electric-city-bike-lanzarote\/"},"modified":"2022-06-29T10:50:07","modified_gmt":"2022-06-29T10:50:07","slug":"e1-electric-city-bike-2","status":"publish","type":"product","link":"https:\/\/www.proactionbikerent.com\/de\/fahrradverleih-auf-lanzarote\/e-city-bike-lanzarote-de\/e1-electric-city-bike-2\/","title":{"rendered":"E1 &#8211; Electric City Bike &#8211; Lanzarote"},"content":{"rendered":"<table class=\"tablaCaracteristicas\">\n<thead>\n<tr>\n<th colspan=\"5\">Modelo: Orbea Optima Asphalt<\/th>\n<\/tr>\n<\/thead>\n<tbody>\n<tr>\n<td><strong>Rahmen:<\/strong><\/td>\n<td>Orbea Optima Hydroformed Alloy<\/td>\n<td rowspan=\"4\"><\/td>\n<td><strong>Federung:<\/strong><\/td>\n<td>Orbea Optima<\/td>\n<\/tr>\n<tr>\n<td><strong>Reifen:<\/strong><\/td>\n<td>Orbea Black Rock 23c Disc<\/td>\n<td><strong>Schaltung:<\/strong><\/td>\n<td>5 Schaltung, Sturmey Archer CSIRW 18t<\/td>\n<\/tr>\n<tr>\n<td><strong>Bremsen:<\/strong><\/td>\n<td>Shimano MT200 Hydraulic Disc<\/td>\n<td><strong>Lenker:<\/strong><\/td>\n<td>Orbea Comfort Riser Alloy 660mm<\/td>\n<\/tr>\n<tr>\n<td><strong>Motor:<\/strong><\/td>\n<td>BOSCH Active 25 kmh<\/td>\n<td><strong>Akku:<\/strong><\/td>\n<td>BOSCH Performance 400Wh<\/td>\n<\/tr>\n<\/tbody>\n<\/table>\n","protected":false},"excerpt":{"rendered":"<p>Dieses elektrische Stadtrad ist ideal f\u00fcr das Fahren mit maximalem Komfort und verf\u00fcgt \u00fcber ein praktisches K\u00f6rbchen f\u00fcr die Eink\u00e4ufe.<\/p>\n","protected":false},"featured_media":4577,"template":"","meta":{"inline_featured_image":false},"product_brand":[],"product_cat":[331],"product_tag":[],"class_list":{"0":"post-5455","1":"product","2":"type-product","3":"status-publish","4":"has-post-thumbnail","6":"product_cat-e-city-bike-lanzarote-de","8":"first","9":"instock","10":"taxable","11":"shipping-taxable","12":"purchasable","13":"product-type-redq_rental"},"yoast_head":"<!-- This site is optimized with the Yoast SEO Premium plugin v18.5 (Yoast SEO v27.5) - https:\/\/yoast.com\/product\/yoast-seo-premium-wordpress\/ -->\n<title>E1 - Electric City Bike - Lanzarote - Bike Rental Lanzarote &amp; Fuerteventura - ProAction<\/title>\n<meta name=\"robots\" content=\"index, follow, max-snippet:-1, max-image-preview:large, max-video-preview:-1\" \/>\n<link rel=\"canonical\" href=\"https:\/\/www.proactionbikerent.com\/de\/fahrradverleih-auf-lanzarote\/e-city-bike-lanzarote-de\/e1-electric-city-bike-2\/\" \/>\n<meta property=\"og:locale\" content=\"de_DE\" \/>\n<meta property=\"og:type\" content=\"article\" \/>\n<meta property=\"og:title\" content=\"E1 - Electric City Bike - Lanzarote\" \/>\n<meta property=\"og:description\" content=\"Dieses elektrische Stadtrad ist ideal f\u00fcr das Fahren mit maximalem Komfort und verf\u00fcgt \u00fcber ein praktisches K\u00f6rbchen f\u00fcr die Eink\u00e4ufe.\" \/>\n<meta property=\"og:url\" content=\"https:\/\/www.proactionbikerent.com\/de\/fahrradverleih-auf-lanzarote\/e-city-bike-lanzarote-de\/e1-electric-city-bike-2\/\" \/>\n<meta property=\"og:site_name\" content=\"Bike Rental Lanzarote &amp; Fuerteventura - ProAction\" \/>\n<meta property=\"article:modified_time\" content=\"2022-06-29T10:50:07+00:00\" \/>\n<meta property=\"og:image\" content=\"https:\/\/www.proactionbikerent.com\/wp-content\/uploads\/2022\/05\/e1-lanzarote-neuste.jpg\" \/>\n\t<meta property=\"og:image:width\" content=\"1280\" \/>\n\t<meta property=\"og:image:height\" content=\"720\" \/>\n\t<meta property=\"og:image:type\" content=\"image\/jpeg\" \/>\n<meta name=\"twitter:card\" content=\"summary_large_image\" \/>\n<script type=\"application\/ld+json\" class=\"yoast-schema-graph\">{\"@context\":\"https:\\\/\\\/schema.org\",\"@graph\":[{\"@type\":\"WebPage\",\"@id\":\"https:\\\/\\\/www.proactionbikerent.com\\\/de\\\/fahrradverleih-auf-lanzarote\\\/e-city-bike-lanzarote-de\\\/e1-electric-city-bike-2\\\/\",\"url\":\"https:\\\/\\\/www.proactionbikerent.com\\\/de\\\/fahrradverleih-auf-lanzarote\\\/e-city-bike-lanzarote-de\\\/e1-electric-city-bike-2\\\/\",\"name\":\"E1 - Electric City Bike - Lanzarote - Bike Rental Lanzarote &amp; Fuerteventura - ProAction\",\"isPartOf\":{\"@id\":\"https:\\\/\\\/www.proactionbikerent.com\\\/de\\\/#website\"},\"primaryImageOfPage\":{\"@id\":\"https:\\\/\\\/www.proactionbikerent.com\\\/de\\\/fahrradverleih-auf-lanzarote\\\/e-city-bike-lanzarote-de\\\/e1-electric-city-bike-2\\\/#primaryimage\"},\"image\":{\"@id\":\"https:\\\/\\\/www.proactionbikerent.com\\\/de\\\/fahrradverleih-auf-lanzarote\\\/e-city-bike-lanzarote-de\\\/e1-electric-city-bike-2\\\/#primaryimage\"},\"thumbnailUrl\":\"https:\\\/\\\/www.proactionbikerent.com\\\/wp-content\\\/uploads\\\/2022\\\/05\\\/e1-lanzarote-neuste.jpg\",\"datePublished\":\"2022-05-12T10:32:20+00:00\",\"dateModified\":\"2022-06-29T10:50:07+00:00\",\"breadcrumb\":{\"@id\":\"https:\\\/\\\/www.proactionbikerent.com\\\/de\\\/fahrradverleih-auf-lanzarote\\\/e-city-bike-lanzarote-de\\\/e1-electric-city-bike-2\\\/#breadcrumb\"},\"inLanguage\":\"de\",\"potentialAction\":[{\"@type\":\"ReadAction\",\"target\":[\"https:\\\/\\\/www.proactionbikerent.com\\\/de\\\/fahrradverleih-auf-lanzarote\\\/e-city-bike-lanzarote-de\\\/e1-electric-city-bike-2\\\/\"]}]},{\"@type\":\"ImageObject\",\"inLanguage\":\"de\",\"@id\":\"https:\\\/\\\/www.proactionbikerent.com\\\/de\\\/fahrradverleih-auf-lanzarote\\\/e-city-bike-lanzarote-de\\\/e1-electric-city-bike-2\\\/#primaryimage\",\"url\":\"https:\\\/\\\/www.proactionbikerent.com\\\/wp-content\\\/uploads\\\/2022\\\/05\\\/e1-lanzarote-neuste.jpg\",\"contentUrl\":\"https:\\\/\\\/www.proactionbikerent.com\\\/wp-content\\\/uploads\\\/2022\\\/05\\\/e1-lanzarote-neuste.jpg\",\"width\":1280,\"height\":720},{\"@type\":\"BreadcrumbList\",\"@id\":\"https:\\\/\\\/www.proactionbikerent.com\\\/de\\\/fahrradverleih-auf-lanzarote\\\/e-city-bike-lanzarote-de\\\/e1-electric-city-bike-2\\\/#breadcrumb\",\"itemListElement\":[{\"@type\":\"ListItem\",\"position\":1,\"name\":\"Home\",\"item\":\"https:\\\/\\\/www.proactionbikerent.com\\\/de\\\/proaction-fahrradverleih-auf-lanzarote-und-fuerteventura-2\\\/\"},{\"@type\":\"ListItem\",\"position\":2,\"name\":\"Alquiler de bicicletas\",\"item\":\"https:\\\/\\\/www.proactionbikerent.com\\\/alquiler-de-bicicletas\\\/\"},{\"@type\":\"ListItem\",\"position\":3,\"name\":\"E1 &#8211; Electric City Bike &#8211; Lanzarote\"}]},{\"@type\":\"WebSite\",\"@id\":\"https:\\\/\\\/www.proactionbikerent.com\\\/de\\\/#website\",\"url\":\"https:\\\/\\\/www.proactionbikerent.com\\\/de\\\/\",\"name\":\"Bike Rental Lanzarote &amp; Fuerteventura - ProAction\",\"description\":\"Bike Shop, Repair &amp; Bike Rental\",\"publisher\":{\"@id\":\"https:\\\/\\\/www.proactionbikerent.com\\\/de\\\/#organization\"},\"potentialAction\":[{\"@type\":\"SearchAction\",\"target\":{\"@type\":\"EntryPoint\",\"urlTemplate\":\"https:\\\/\\\/www.proactionbikerent.com\\\/de\\\/?s={search_term_string}\"},\"query-input\":{\"@type\":\"PropertyValueSpecification\",\"valueRequired\":true,\"valueName\":\"search_term_string\"}}],\"inLanguage\":\"de\"},{\"@type\":\"Organization\",\"@id\":\"https:\\\/\\\/www.proactionbikerent.com\\\/de\\\/#organization\",\"name\":\"Bike Rental Lanzarote &amp; Fuerteventura - ProAction\",\"url\":\"https:\\\/\\\/www.proactionbikerent.com\\\/de\\\/\",\"logo\":{\"@type\":\"ImageObject\",\"inLanguage\":\"de\",\"@id\":\"https:\\\/\\\/www.proactionbikerent.com\\\/de\\\/#\\\/schema\\\/logo\\\/image\\\/\",\"url\":\"https:\\\/\\\/www.proactionbikerent.com\\\/wp-content\\\/uploads\\\/2022\\\/04\\\/logo-Proaction.png\",\"contentUrl\":\"https:\\\/\\\/www.proactionbikerent.com\\\/wp-content\\\/uploads\\\/2022\\\/04\\\/logo-Proaction.png\",\"width\":450,\"height\":313,\"caption\":\"Bike Rental Lanzarote &amp; Fuerteventura - ProAction\"},\"image\":{\"@id\":\"https:\\\/\\\/www.proactionbikerent.com\\\/de\\\/#\\\/schema\\\/logo\\\/image\\\/\"}}]}<\/script>\n<!-- \/ Yoast SEO Premium plugin. -->","yoast_head_json":{"title":"E1 - Electric City Bike - Lanzarote - Bike Rental Lanzarote &amp; Fuerteventura - ProAction","robots":{"index":"index","follow":"follow","max-snippet":"max-snippet:-1","max-image-preview":"max-image-preview:large","max-video-preview":"max-video-preview:-1"},"canonical":"https:\/\/www.proactionbikerent.com\/de\/fahrradverleih-auf-lanzarote\/e-city-bike-lanzarote-de\/e1-electric-city-bike-2\/","og_locale":"de_DE","og_type":"article","og_title":"E1 - Electric City Bike - Lanzarote","og_description":"Dieses elektrische Stadtrad ist ideal f\u00fcr das Fahren mit maximalem Komfort und verf\u00fcgt \u00fcber ein praktisches K\u00f6rbchen f\u00fcr die Eink\u00e4ufe.","og_url":"https:\/\/www.proactionbikerent.com\/de\/fahrradverleih-auf-lanzarote\/e-city-bike-lanzarote-de\/e1-electric-city-bike-2\/","og_site_name":"Bike Rental Lanzarote &amp; Fuerteventura - ProAction","article_modified_time":"2022-06-29T10:50:07+00:00","og_image":[{"width":1280,"height":720,"url":"https:\/\/www.proactionbikerent.com\/wp-content\/uploads\/2022\/05\/e1-lanzarote-neuste.jpg","type":"image\/jpeg"}],"twitter_card":"summary_large_image","schema":{"@context":"https:\/\/schema.org","@graph":[{"@type":"WebPage","@id":"https:\/\/www.proactionbikerent.com\/de\/fahrradverleih-auf-lanzarote\/e-city-bike-lanzarote-de\/e1-electric-city-bike-2\/","url":"https:\/\/www.proactionbikerent.com\/de\/fahrradverleih-auf-lanzarote\/e-city-bike-lanzarote-de\/e1-electric-city-bike-2\/","name":"E1 - Electric City Bike - Lanzarote - Bike Rental Lanzarote &amp; Fuerteventura - ProAction","isPartOf":{"@id":"https:\/\/www.proactionbikerent.com\/de\/#website"},"primaryImageOfPage":{"@id":"https:\/\/www.proactionbikerent.com\/de\/fahrradverleih-auf-lanzarote\/e-city-bike-lanzarote-de\/e1-electric-city-bike-2\/#primaryimage"},"image":{"@id":"https:\/\/www.proactionbikerent.com\/de\/fahrradverleih-auf-lanzarote\/e-city-bike-lanzarote-de\/e1-electric-city-bike-2\/#primaryimage"},"thumbnailUrl":"https:\/\/www.proactionbikerent.com\/wp-content\/uploads\/2022\/05\/e1-lanzarote-neuste.jpg","datePublished":"2022-05-12T10:32:20+00:00","dateModified":"2022-06-29T10:50:07+00:00","breadcrumb":{"@id":"https:\/\/www.proactionbikerent.com\/de\/fahrradverleih-auf-lanzarote\/e-city-bike-lanzarote-de\/e1-electric-city-bike-2\/#breadcrumb"},"inLanguage":"de","potentialAction":[{"@type":"ReadAction","target":["https:\/\/www.proactionbikerent.com\/de\/fahrradverleih-auf-lanzarote\/e-city-bike-lanzarote-de\/e1-electric-city-bike-2\/"]}]},{"@type":"ImageObject","inLanguage":"de","@id":"https:\/\/www.proactionbikerent.com\/de\/fahrradverleih-auf-lanzarote\/e-city-bike-lanzarote-de\/e1-electric-city-bike-2\/#primaryimage","url":"https:\/\/www.proactionbikerent.com\/wp-content\/uploads\/2022\/05\/e1-lanzarote-neuste.jpg","contentUrl":"https:\/\/www.proactionbikerent.com\/wp-content\/uploads\/2022\/05\/e1-lanzarote-neuste.jpg","width":1280,"height":720},{"@type":"BreadcrumbList","@id":"https:\/\/www.proactionbikerent.com\/de\/fahrradverleih-auf-lanzarote\/e-city-bike-lanzarote-de\/e1-electric-city-bike-2\/#breadcrumb","itemListElement":[{"@type":"ListItem","position":1,"name":"Home","item":"https:\/\/www.proactionbikerent.com\/de\/proaction-fahrradverleih-auf-lanzarote-und-fuerteventura-2\/"},{"@type":"ListItem","position":2,"name":"Alquiler de bicicletas","item":"https:\/\/www.proactionbikerent.com\/alquiler-de-bicicletas\/"},{"@type":"ListItem","position":3,"name":"E1 &#8211; Electric City Bike &#8211; Lanzarote"}]},{"@type":"WebSite","@id":"https:\/\/www.proactionbikerent.com\/de\/#website","url":"https:\/\/www.proactionbikerent.com\/de\/","name":"Bike Rental Lanzarote &amp; Fuerteventura - ProAction","description":"Bike Shop, Repair &amp; Bike Rental","publisher":{"@id":"https:\/\/www.proactionbikerent.com\/de\/#organization"},"potentialAction":[{"@type":"SearchAction","target":{"@type":"EntryPoint","urlTemplate":"https:\/\/www.proactionbikerent.com\/de\/?s={search_term_string}"},"query-input":{"@type":"PropertyValueSpecification","valueRequired":true,"valueName":"search_term_string"}}],"inLanguage":"de"},{"@type":"Organization","@id":"https:\/\/www.proactionbikerent.com\/de\/#organization","name":"Bike Rental Lanzarote &amp; Fuerteventura - ProAction","url":"https:\/\/www.proactionbikerent.com\/de\/","logo":{"@type":"ImageObject","inLanguage":"de","@id":"https:\/\/www.proactionbikerent.com\/de\/#\/schema\/logo\/image\/","url":"https:\/\/www.proactionbikerent.com\/wp-content\/uploads\/2022\/04\/logo-Proaction.png","contentUrl":"https:\/\/www.proactionbikerent.com\/wp-content\/uploads\/2022\/04\/logo-Proaction.png","width":450,"height":313,"caption":"Bike Rental Lanzarote &amp; Fuerteventura - ProAction"},"image":{"@id":"https:\/\/www.proactionbikerent.com\/de\/#\/schema\/logo\/image\/"}}]}},"jetpack_sharing_enabled":true,"_links":{"self":[{"href":"https:\/\/www.proactionbikerent.com\/de\/wp-json\/wp\/v2\/product\/5455","targetHints":{"allow":["GET"]}}],"collection":[{"href":"https:\/\/www.proactionbikerent.com\/de\/wp-json\/wp\/v2\/product"}],"about":[{"href":"https:\/\/www.proactionbikerent.com\/de\/wp-json\/wp\/v2\/types\/product"}],"version-history":[{"count":0,"href":"https:\/\/www.proactionbikerent.com\/de\/wp-json\/wp\/v2\/product\/5455\/revisions"}],"wp:featuredmedia":[{"embeddable":true,"href":"https:\/\/www.proactionbikerent.com\/de\/wp-json\/wp\/v2\/media\/4577"}],"wp:attachment":[{"href":"https:\/\/www.proactionbikerent.com\/de\/wp-json\/wp\/v2\/media?parent=5455"}],"wp:term":[{"taxonomy":"product_brand","embeddable":true,"href":"https:\/\/www.proactionbikerent.com\/de\/wp-json\/wp\/v2\/product_brand?post=5455"},{"taxonomy":"product_cat","embeddable":true,"href":"https:\/\/www.proactionbikerent.com\/de\/wp-json\/wp\/v2\/product_cat?post=5455"},{"taxonomy":"product_tag","embeddable":true,"href":"https:\/\/www.proactionbikerent.com\/de\/wp-json\/wp\/v2\/product_tag?post=5455"}],"curies":[{"name":"wp","href":"https:\/\/api.w.org\/{rel}","templated":true}]}}