{"id":5310,"date":"2022-05-20T09:25:53","date_gmt":"2022-05-20T09:25:53","guid":{"rendered":"http:\/\/s908823809.mialojamiento.es\/unkategorisiert\/ch-junior-spike-fuerteventura\/"},"modified":"2022-06-29T10:21:22","modified_gmt":"2022-06-29T10:21:22","slug":"ch-junior-spike-fuerteventura","status":"publish","type":"product","link":"https:\/\/www.proactionbikerent.com\/de\/fahrradverleih-auf-fuerteventura\/kinder\/ch-junior-spike-fuerteventura\/","title":{"rendered":"CH &#8211; Junior Spike &#8211; Fuerteventura"},"content":{"rendered":"","protected":false},"excerpt":{"rendered":"<p>Das Spike Junior hat nur eine Junior-Gr\u00f6\u00dfe, weil es ein komplettes 21-Gang-Trekkingrad mit Aluminiumrahmen ist Erh\u00e4ltlich in den Gr\u00f6\u00dfen 20&#8243; und 24&#8243;.<\/p>\n","protected":false},"featured_media":4565,"template":"","meta":{"inline_featured_image":false},"product_brand":[],"product_cat":[338],"product_tag":[],"class_list":{"0":"post-5310","1":"product","2":"type-product","3":"status-publish","4":"has-post-thumbnail","6":"product_cat-kinder","8":"first","9":"instock","10":"taxable","11":"shipping-taxable","12":"purchasable","13":"product-type-redq_rental"},"yoast_head":"<!-- This site is optimized with the Yoast SEO Premium plugin v18.5 (Yoast SEO v27.5) - https:\/\/yoast.com\/product\/yoast-seo-premium-wordpress\/ -->\n<title>CH - Junior Spike - Fuerteventura - Bike Rental Lanzarote &amp; Fuerteventura - ProAction<\/title>\n<meta name=\"robots\" content=\"index, follow, max-snippet:-1, max-image-preview:large, max-video-preview:-1\" \/>\n<link rel=\"canonical\" href=\"https:\/\/www.proactionbikerent.com\/de\/fahrradverleih-auf-fuerteventura\/kinder\/ch-junior-spike-fuerteventura\/\" \/>\n<meta property=\"og:locale\" content=\"de_DE\" \/>\n<meta property=\"og:type\" content=\"article\" \/>\n<meta property=\"og:title\" content=\"CH - Junior Spike - Fuerteventura\" \/>\n<meta property=\"og:description\" content=\"Das Spike Junior hat nur eine Junior-Gr\u00f6\u00dfe, weil es ein komplettes 21-Gang-Trekkingrad mit Aluminiumrahmen ist Erh\u00e4ltlich in den Gr\u00f6\u00dfen 20&quot; und 24&quot;.\" \/>\n<meta property=\"og:url\" content=\"https:\/\/www.proactionbikerent.com\/de\/fahrradverleih-auf-fuerteventura\/kinder\/ch-junior-spike-fuerteventura\/\" \/>\n<meta property=\"og:site_name\" content=\"Bike Rental Lanzarote &amp; Fuerteventura - ProAction\" \/>\n<meta property=\"article:modified_time\" content=\"2022-06-29T10:21:22+00:00\" \/>\n<meta property=\"og:image\" content=\"https:\/\/www.proactionbikerent.com\/wp-content\/uploads\/2022\/05\/ch-junior.jpg\" \/>\n\t<meta property=\"og:image:width\" content=\"1280\" \/>\n\t<meta property=\"og:image:height\" content=\"720\" \/>\n\t<meta property=\"og:image:type\" content=\"image\/jpeg\" \/>\n<meta name=\"twitter:card\" content=\"summary_large_image\" \/>\n<script type=\"application\/ld+json\" class=\"yoast-schema-graph\">{\"@context\":\"https:\\\/\\\/schema.org\",\"@graph\":[{\"@type\":\"WebPage\",\"@id\":\"https:\\\/\\\/www.proactionbikerent.com\\\/de\\\/fahrradverleih-auf-fuerteventura\\\/kinder\\\/ch-junior-spike-fuerteventura\\\/\",\"url\":\"https:\\\/\\\/www.proactionbikerent.com\\\/de\\\/fahrradverleih-auf-fuerteventura\\\/kinder\\\/ch-junior-spike-fuerteventura\\\/\",\"name\":\"CH - Junior Spike - Fuerteventura - Bike Rental Lanzarote &amp; Fuerteventura - ProAction\",\"isPartOf\":{\"@id\":\"https:\\\/\\\/www.proactionbikerent.com\\\/de\\\/#website\"},\"primaryImageOfPage\":{\"@id\":\"https:\\\/\\\/www.proactionbikerent.com\\\/de\\\/fahrradverleih-auf-fuerteventura\\\/kinder\\\/ch-junior-spike-fuerteventura\\\/#primaryimage\"},\"image\":{\"@id\":\"https:\\\/\\\/www.proactionbikerent.com\\\/de\\\/fahrradverleih-auf-fuerteventura\\\/kinder\\\/ch-junior-spike-fuerteventura\\\/#primaryimage\"},\"thumbnailUrl\":\"https:\\\/\\\/www.proactionbikerent.com\\\/wp-content\\\/uploads\\\/2022\\\/05\\\/ch-junior.jpg\",\"datePublished\":\"2022-05-20T09:25:53+00:00\",\"dateModified\":\"2022-06-29T10:21:22+00:00\",\"breadcrumb\":{\"@id\":\"https:\\\/\\\/www.proactionbikerent.com\\\/de\\\/fahrradverleih-auf-fuerteventura\\\/kinder\\\/ch-junior-spike-fuerteventura\\\/#breadcrumb\"},\"inLanguage\":\"de\",\"potentialAction\":[{\"@type\":\"ReadAction\",\"target\":[\"https:\\\/\\\/www.proactionbikerent.com\\\/de\\\/fahrradverleih-auf-fuerteventura\\\/kinder\\\/ch-junior-spike-fuerteventura\\\/\"]}]},{\"@type\":\"ImageObject\",\"inLanguage\":\"de\",\"@id\":\"https:\\\/\\\/www.proactionbikerent.com\\\/de\\\/fahrradverleih-auf-fuerteventura\\\/kinder\\\/ch-junior-spike-fuerteventura\\\/#primaryimage\",\"url\":\"https:\\\/\\\/www.proactionbikerent.com\\\/wp-content\\\/uploads\\\/2022\\\/05\\\/ch-junior.jpg\",\"contentUrl\":\"https:\\\/\\\/www.proactionbikerent.com\\\/wp-content\\\/uploads\\\/2022\\\/05\\\/ch-junior.jpg\",\"width\":1280,\"height\":720},{\"@type\":\"BreadcrumbList\",\"@id\":\"https:\\\/\\\/www.proactionbikerent.com\\\/de\\\/fahrradverleih-auf-fuerteventura\\\/kinder\\\/ch-junior-spike-fuerteventura\\\/#breadcrumb\",\"itemListElement\":[{\"@type\":\"ListItem\",\"position\":1,\"name\":\"Home\",\"item\":\"https:\\\/\\\/www.proactionbikerent.com\\\/de\\\/proaction-fahrradverleih-auf-lanzarote-und-fuerteventura-2\\\/\"},{\"@type\":\"ListItem\",\"position\":2,\"name\":\"Alquiler de bicicletas\",\"item\":\"https:\\\/\\\/www.proactionbikerent.com\\\/alquiler-de-bicicletas\\\/\"},{\"@type\":\"ListItem\",\"position\":3,\"name\":\"CH &#8211; Junior Spike &#8211; Fuerteventura\"}]},{\"@type\":\"WebSite\",\"@id\":\"https:\\\/\\\/www.proactionbikerent.com\\\/de\\\/#website\",\"url\":\"https:\\\/\\\/www.proactionbikerent.com\\\/de\\\/\",\"name\":\"Bike Rental Lanzarote &amp; Fuerteventura - ProAction\",\"description\":\"Bike Shop, Repair &amp; Bike Rental\",\"publisher\":{\"@id\":\"https:\\\/\\\/www.proactionbikerent.com\\\/de\\\/#organization\"},\"potentialAction\":[{\"@type\":\"SearchAction\",\"target\":{\"@type\":\"EntryPoint\",\"urlTemplate\":\"https:\\\/\\\/www.proactionbikerent.com\\\/de\\\/?s={search_term_string}\"},\"query-input\":{\"@type\":\"PropertyValueSpecification\",\"valueRequired\":true,\"valueName\":\"search_term_string\"}}],\"inLanguage\":\"de\"},{\"@type\":\"Organization\",\"@id\":\"https:\\\/\\\/www.proactionbikerent.com\\\/de\\\/#organization\",\"name\":\"Bike Rental Lanzarote &amp; Fuerteventura - ProAction\",\"url\":\"https:\\\/\\\/www.proactionbikerent.com\\\/de\\\/\",\"logo\":{\"@type\":\"ImageObject\",\"inLanguage\":\"de\",\"@id\":\"https:\\\/\\\/www.proactionbikerent.com\\\/de\\\/#\\\/schema\\\/logo\\\/image\\\/\",\"url\":\"https:\\\/\\\/www.proactionbikerent.com\\\/wp-content\\\/uploads\\\/2022\\\/04\\\/logo-Proaction.png\",\"contentUrl\":\"https:\\\/\\\/www.proactionbikerent.com\\\/wp-content\\\/uploads\\\/2022\\\/04\\\/logo-Proaction.png\",\"width\":450,\"height\":313,\"caption\":\"Bike Rental Lanzarote &amp; Fuerteventura - ProAction\"},\"image\":{\"@id\":\"https:\\\/\\\/www.proactionbikerent.com\\\/de\\\/#\\\/schema\\\/logo\\\/image\\\/\"}}]}<\/script>\n<!-- \/ Yoast SEO Premium plugin. -->","yoast_head_json":{"title":"CH - Junior Spike - Fuerteventura - Bike Rental Lanzarote &amp; Fuerteventura - ProAction","robots":{"index":"index","follow":"follow","max-snippet":"max-snippet:-1","max-image-preview":"max-image-preview:large","max-video-preview":"max-video-preview:-1"},"canonical":"https:\/\/www.proactionbikerent.com\/de\/fahrradverleih-auf-fuerteventura\/kinder\/ch-junior-spike-fuerteventura\/","og_locale":"de_DE","og_type":"article","og_title":"CH - Junior Spike - Fuerteventura","og_description":"Das Spike Junior hat nur eine Junior-Gr\u00f6\u00dfe, weil es ein komplettes 21-Gang-Trekkingrad mit Aluminiumrahmen ist Erh\u00e4ltlich in den Gr\u00f6\u00dfen 20\" und 24\".","og_url":"https:\/\/www.proactionbikerent.com\/de\/fahrradverleih-auf-fuerteventura\/kinder\/ch-junior-spike-fuerteventura\/","og_site_name":"Bike Rental Lanzarote &amp; Fuerteventura - ProAction","article_modified_time":"2022-06-29T10:21:22+00:00","og_image":[{"width":1280,"height":720,"url":"https:\/\/www.proactionbikerent.com\/wp-content\/uploads\/2022\/05\/ch-junior.jpg","type":"image\/jpeg"}],"twitter_card":"summary_large_image","schema":{"@context":"https:\/\/schema.org","@graph":[{"@type":"WebPage","@id":"https:\/\/www.proactionbikerent.com\/de\/fahrradverleih-auf-fuerteventura\/kinder\/ch-junior-spike-fuerteventura\/","url":"https:\/\/www.proactionbikerent.com\/de\/fahrradverleih-auf-fuerteventura\/kinder\/ch-junior-spike-fuerteventura\/","name":"CH - Junior Spike - Fuerteventura - Bike Rental Lanzarote &amp; Fuerteventura - ProAction","isPartOf":{"@id":"https:\/\/www.proactionbikerent.com\/de\/#website"},"primaryImageOfPage":{"@id":"https:\/\/www.proactionbikerent.com\/de\/fahrradverleih-auf-fuerteventura\/kinder\/ch-junior-spike-fuerteventura\/#primaryimage"},"image":{"@id":"https:\/\/www.proactionbikerent.com\/de\/fahrradverleih-auf-fuerteventura\/kinder\/ch-junior-spike-fuerteventura\/#primaryimage"},"thumbnailUrl":"https:\/\/www.proactionbikerent.com\/wp-content\/uploads\/2022\/05\/ch-junior.jpg","datePublished":"2022-05-20T09:25:53+00:00","dateModified":"2022-06-29T10:21:22+00:00","breadcrumb":{"@id":"https:\/\/www.proactionbikerent.com\/de\/fahrradverleih-auf-fuerteventura\/kinder\/ch-junior-spike-fuerteventura\/#breadcrumb"},"inLanguage":"de","potentialAction":[{"@type":"ReadAction","target":["https:\/\/www.proactionbikerent.com\/de\/fahrradverleih-auf-fuerteventura\/kinder\/ch-junior-spike-fuerteventura\/"]}]},{"@type":"ImageObject","inLanguage":"de","@id":"https:\/\/www.proactionbikerent.com\/de\/fahrradverleih-auf-fuerteventura\/kinder\/ch-junior-spike-fuerteventura\/#primaryimage","url":"https:\/\/www.proactionbikerent.com\/wp-content\/uploads\/2022\/05\/ch-junior.jpg","contentUrl":"https:\/\/www.proactionbikerent.com\/wp-content\/uploads\/2022\/05\/ch-junior.jpg","width":1280,"height":720},{"@type":"BreadcrumbList","@id":"https:\/\/www.proactionbikerent.com\/de\/fahrradverleih-auf-fuerteventura\/kinder\/ch-junior-spike-fuerteventura\/#breadcrumb","itemListElement":[{"@type":"ListItem","position":1,"name":"Home","item":"https:\/\/www.proactionbikerent.com\/de\/proaction-fahrradverleih-auf-lanzarote-und-fuerteventura-2\/"},{"@type":"ListItem","position":2,"name":"Alquiler de bicicletas","item":"https:\/\/www.proactionbikerent.com\/alquiler-de-bicicletas\/"},{"@type":"ListItem","position":3,"name":"CH &#8211; Junior Spike &#8211; Fuerteventura"}]},{"@type":"WebSite","@id":"https:\/\/www.proactionbikerent.com\/de\/#website","url":"https:\/\/www.proactionbikerent.com\/de\/","name":"Bike Rental Lanzarote &amp; Fuerteventura - ProAction","description":"Bike Shop, Repair &amp; Bike Rental","publisher":{"@id":"https:\/\/www.proactionbikerent.com\/de\/#organization"},"potentialAction":[{"@type":"SearchAction","target":{"@type":"EntryPoint","urlTemplate":"https:\/\/www.proactionbikerent.com\/de\/?s={search_term_string}"},"query-input":{"@type":"PropertyValueSpecification","valueRequired":true,"valueName":"search_term_string"}}],"inLanguage":"de"},{"@type":"Organization","@id":"https:\/\/www.proactionbikerent.com\/de\/#organization","name":"Bike Rental Lanzarote &amp; Fuerteventura - ProAction","url":"https:\/\/www.proactionbikerent.com\/de\/","logo":{"@type":"ImageObject","inLanguage":"de","@id":"https:\/\/www.proactionbikerent.com\/de\/#\/schema\/logo\/image\/","url":"https:\/\/www.proactionbikerent.com\/wp-content\/uploads\/2022\/04\/logo-Proaction.png","contentUrl":"https:\/\/www.proactionbikerent.com\/wp-content\/uploads\/2022\/04\/logo-Proaction.png","width":450,"height":313,"caption":"Bike Rental Lanzarote &amp; Fuerteventura - ProAction"},"image":{"@id":"https:\/\/www.proactionbikerent.com\/de\/#\/schema\/logo\/image\/"}}]}},"jetpack_sharing_enabled":true,"_links":{"self":[{"href":"https:\/\/www.proactionbikerent.com\/de\/wp-json\/wp\/v2\/product\/5310","targetHints":{"allow":["GET"]}}],"collection":[{"href":"https:\/\/www.proactionbikerent.com\/de\/wp-json\/wp\/v2\/product"}],"about":[{"href":"https:\/\/www.proactionbikerent.com\/de\/wp-json\/wp\/v2\/types\/product"}],"version-history":[{"count":0,"href":"https:\/\/www.proactionbikerent.com\/de\/wp-json\/wp\/v2\/product\/5310\/revisions"}],"wp:featuredmedia":[{"embeddable":true,"href":"https:\/\/www.proactionbikerent.com\/de\/wp-json\/wp\/v2\/media\/4565"}],"wp:attachment":[{"href":"https:\/\/www.proactionbikerent.com\/de\/wp-json\/wp\/v2\/media?parent=5310"}],"wp:term":[{"taxonomy":"product_brand","embeddable":true,"href":"https:\/\/www.proactionbikerent.com\/de\/wp-json\/wp\/v2\/product_brand?post=5310"},{"taxonomy":"product_cat","embeddable":true,"href":"https:\/\/www.proactionbikerent.com\/de\/wp-json\/wp\/v2\/product_cat?post=5310"},{"taxonomy":"product_tag","embeddable":true,"href":"https:\/\/www.proactionbikerent.com\/de\/wp-json\/wp\/v2\/product_tag?post=5310"}],"curies":[{"name":"wp","href":"https:\/\/api.w.org\/{rel}","templated":true}]}}