{"id":5144,"date":"2022-05-06T12:11:30","date_gmt":"2022-05-06T12:11:30","guid":{"rendered":"http:\/\/s908823809.mialojamiento.es\/unkategorisiert\/r2-lanzarote\/"},"modified":"2022-08-31T16:42:07","modified_gmt":"2022-08-31T16:42:07","slug":"r2-lanzarote","status":"publish","type":"product","link":"https:\/\/www.proactionbikerent.com\/de\/fahrradverleih-auf-lanzarote\/road-bikes-lanzarote-de\/r2-lanzarote\/","title":{"rendered":"R2 LANZAROTE"},"content":{"rendered":"<table class=\"tablaCaracteristicas\">\n<thead>\n<tr>\n<th colspan=\"5\">Modell: BH Quartz Full Carbon<\/th>\n<\/tr>\n<\/thead>\n<tbody>\n<tr>\n<td><strong>Rahmen:<\/strong><\/td>\n<td>Carbono<\/td>\n<td rowspan=\"4\"><\/td>\n<td><strong>Federung:<\/strong><\/td>\n<td>Carbono<\/td>\n<\/tr>\n<tr>\n<td><strong>Reifen:<\/strong><\/td>\n<td>700 FSA Team 35<\/td>\n<td><strong>Schaltung:<\/strong><\/td>\n<td>Shimano Ultegra, 11 Speeds<\/td>\n<\/tr>\n<tr>\n<td><strong>Bremsen:<\/strong><\/td>\n<td>Shimano Ultegra<\/td>\n<td><strong>Zahnkranz:<\/strong><\/td>\n<td>Shimano Ultegra 11\/25 or 11\/28<\/td>\n<\/tr>\n<tr>\n<td><strong>Kurbel:<\/strong><\/td>\n<td>Rotor Q-Ring or FSA 50\/34<\/td>\n<td><strong>Tyres:<\/strong><\/td>\n<td>Continental<\/td>\n<\/tr>\n<\/tbody>\n<\/table>\n","protected":false},"excerpt":{"rendered":"<p>Unser R2 ist ein Rennrad das entwickelt wurde um Asphalt zu verschlingen. Leichtigkeit seines Carbonrahmens und seine 11 G\u00e4nge verwandeln jede Stra\u00dfe in einen Raum, in dem Sie jeden Pedaltritt genie\u00dfen k\u00f6nnen. Probieren Sie es aus und Sie werden nicht mehr absteigen wollen.<\/p>\n<p>&nbsp;<\/p>\n","protected":false},"featured_media":4625,"template":"","meta":{"inline_featured_image":false},"product_brand":[],"product_cat":[335],"product_tag":[],"class_list":{"0":"post-5144","1":"product","2":"type-product","3":"status-publish","4":"has-post-thumbnail","6":"product_cat-road-bikes-lanzarote-de","8":"first","9":"instock","10":"taxable","11":"shipping-taxable","12":"purchasable","13":"product-type-redq_rental"},"yoast_head":"<!-- This site is optimized with the Yoast SEO Premium plugin v18.5 (Yoast SEO v27.5) - https:\/\/yoast.com\/product\/yoast-seo-premium-wordpress\/ -->\n<title>R2 LANZAROTE - Bike Rental Lanzarote &amp; Fuerteventura - ProAction<\/title>\n<meta name=\"robots\" content=\"index, follow, max-snippet:-1, max-image-preview:large, max-video-preview:-1\" \/>\n<link rel=\"canonical\" href=\"https:\/\/www.proactionbikerent.com\/de\/fahrradverleih-auf-lanzarote\/road-bikes-lanzarote-de\/r2-lanzarote\/\" \/>\n<meta property=\"og:locale\" content=\"de_DE\" \/>\n<meta property=\"og:type\" content=\"article\" \/>\n<meta property=\"og:title\" content=\"R2 LANZAROTE\" \/>\n<meta property=\"og:description\" content=\"Unser R2 ist ein Rennrad das entwickelt wurde um Asphalt zu verschlingen. Leichtigkeit seines Carbonrahmens und seine 11 G\u00e4nge verwandeln jede Stra\u00dfe in einen Raum, in dem Sie jeden Pedaltritt genie\u00dfen k\u00f6nnen. Probieren Sie es aus und Sie werden nicht mehr absteigen wollen. &nbsp;\" \/>\n<meta property=\"og:url\" content=\"https:\/\/www.proactionbikerent.com\/de\/fahrradverleih-auf-lanzarote\/road-bikes-lanzarote-de\/r2-lanzarote\/\" \/>\n<meta property=\"og:site_name\" content=\"Bike Rental Lanzarote &amp; Fuerteventura - ProAction\" \/>\n<meta property=\"article:modified_time\" content=\"2022-08-31T16:42:07+00:00\" \/>\n<meta property=\"og:image\" content=\"https:\/\/www.proactionbikerent.com\/wp-content\/uploads\/2022\/05\/r2-lanza.jpg\" \/>\n\t<meta property=\"og:image:width\" content=\"1280\" \/>\n\t<meta property=\"og:image:height\" content=\"720\" \/>\n\t<meta property=\"og:image:type\" content=\"image\/jpeg\" \/>\n<meta name=\"twitter:card\" content=\"summary_large_image\" \/>\n<meta name=\"twitter:label1\" content=\"Gesch\u00e4tzte Lesezeit\" \/>\n\t<meta name=\"twitter:data1\" content=\"1\u00a0Minute\" \/>\n<script type=\"application\/ld+json\" class=\"yoast-schema-graph\">{\"@context\":\"https:\\\/\\\/schema.org\",\"@graph\":[{\"@type\":\"WebPage\",\"@id\":\"https:\\\/\\\/www.proactionbikerent.com\\\/de\\\/fahrradverleih-auf-lanzarote\\\/road-bikes-lanzarote-de\\\/r2-lanzarote\\\/\",\"url\":\"https:\\\/\\\/www.proactionbikerent.com\\\/de\\\/fahrradverleih-auf-lanzarote\\\/road-bikes-lanzarote-de\\\/r2-lanzarote\\\/\",\"name\":\"R2 LANZAROTE - Bike Rental Lanzarote &amp; Fuerteventura - ProAction\",\"isPartOf\":{\"@id\":\"https:\\\/\\\/www.proactionbikerent.com\\\/de\\\/#website\"},\"primaryImageOfPage\":{\"@id\":\"https:\\\/\\\/www.proactionbikerent.com\\\/de\\\/fahrradverleih-auf-lanzarote\\\/road-bikes-lanzarote-de\\\/r2-lanzarote\\\/#primaryimage\"},\"image\":{\"@id\":\"https:\\\/\\\/www.proactionbikerent.com\\\/de\\\/fahrradverleih-auf-lanzarote\\\/road-bikes-lanzarote-de\\\/r2-lanzarote\\\/#primaryimage\"},\"thumbnailUrl\":\"https:\\\/\\\/www.proactionbikerent.com\\\/wp-content\\\/uploads\\\/2022\\\/05\\\/r2-lanza.jpg\",\"datePublished\":\"2022-05-06T12:11:30+00:00\",\"dateModified\":\"2022-08-31T16:42:07+00:00\",\"breadcrumb\":{\"@id\":\"https:\\\/\\\/www.proactionbikerent.com\\\/de\\\/fahrradverleih-auf-lanzarote\\\/road-bikes-lanzarote-de\\\/r2-lanzarote\\\/#breadcrumb\"},\"inLanguage\":\"de\",\"potentialAction\":[{\"@type\":\"ReadAction\",\"target\":[\"https:\\\/\\\/www.proactionbikerent.com\\\/de\\\/fahrradverleih-auf-lanzarote\\\/road-bikes-lanzarote-de\\\/r2-lanzarote\\\/\"]}]},{\"@type\":\"ImageObject\",\"inLanguage\":\"de\",\"@id\":\"https:\\\/\\\/www.proactionbikerent.com\\\/de\\\/fahrradverleih-auf-lanzarote\\\/road-bikes-lanzarote-de\\\/r2-lanzarote\\\/#primaryimage\",\"url\":\"https:\\\/\\\/www.proactionbikerent.com\\\/wp-content\\\/uploads\\\/2022\\\/05\\\/r2-lanza.jpg\",\"contentUrl\":\"https:\\\/\\\/www.proactionbikerent.com\\\/wp-content\\\/uploads\\\/2022\\\/05\\\/r2-lanza.jpg\",\"width\":1280,\"height\":720},{\"@type\":\"BreadcrumbList\",\"@id\":\"https:\\\/\\\/www.proactionbikerent.com\\\/de\\\/fahrradverleih-auf-lanzarote\\\/road-bikes-lanzarote-de\\\/r2-lanzarote\\\/#breadcrumb\",\"itemListElement\":[{\"@type\":\"ListItem\",\"position\":1,\"name\":\"Home\",\"item\":\"https:\\\/\\\/www.proactionbikerent.com\\\/de\\\/proaction-fahrradverleih-auf-lanzarote-und-fuerteventura-2\\\/\"},{\"@type\":\"ListItem\",\"position\":2,\"name\":\"Alquiler de bicicletas\",\"item\":\"https:\\\/\\\/www.proactionbikerent.com\\\/alquiler-de-bicicletas\\\/\"},{\"@type\":\"ListItem\",\"position\":3,\"name\":\"R2 LANZAROTE\"}]},{\"@type\":\"WebSite\",\"@id\":\"https:\\\/\\\/www.proactionbikerent.com\\\/de\\\/#website\",\"url\":\"https:\\\/\\\/www.proactionbikerent.com\\\/de\\\/\",\"name\":\"Bike Rental Lanzarote &amp; Fuerteventura - ProAction\",\"description\":\"Bike Shop, Repair &amp; Bike Rental\",\"publisher\":{\"@id\":\"https:\\\/\\\/www.proactionbikerent.com\\\/de\\\/#organization\"},\"potentialAction\":[{\"@type\":\"SearchAction\",\"target\":{\"@type\":\"EntryPoint\",\"urlTemplate\":\"https:\\\/\\\/www.proactionbikerent.com\\\/de\\\/?s={search_term_string}\"},\"query-input\":{\"@type\":\"PropertyValueSpecification\",\"valueRequired\":true,\"valueName\":\"search_term_string\"}}],\"inLanguage\":\"de\"},{\"@type\":\"Organization\",\"@id\":\"https:\\\/\\\/www.proactionbikerent.com\\\/de\\\/#organization\",\"name\":\"Bike Rental Lanzarote &amp; Fuerteventura - ProAction\",\"url\":\"https:\\\/\\\/www.proactionbikerent.com\\\/de\\\/\",\"logo\":{\"@type\":\"ImageObject\",\"inLanguage\":\"de\",\"@id\":\"https:\\\/\\\/www.proactionbikerent.com\\\/de\\\/#\\\/schema\\\/logo\\\/image\\\/\",\"url\":\"https:\\\/\\\/www.proactionbikerent.com\\\/wp-content\\\/uploads\\\/2022\\\/04\\\/logo-Proaction.png\",\"contentUrl\":\"https:\\\/\\\/www.proactionbikerent.com\\\/wp-content\\\/uploads\\\/2022\\\/04\\\/logo-Proaction.png\",\"width\":450,\"height\":313,\"caption\":\"Bike Rental Lanzarote &amp; Fuerteventura - ProAction\"},\"image\":{\"@id\":\"https:\\\/\\\/www.proactionbikerent.com\\\/de\\\/#\\\/schema\\\/logo\\\/image\\\/\"}}]}<\/script>\n<!-- \/ Yoast SEO Premium plugin. -->","yoast_head_json":{"title":"R2 LANZAROTE - Bike Rental Lanzarote &amp; Fuerteventura - ProAction","robots":{"index":"index","follow":"follow","max-snippet":"max-snippet:-1","max-image-preview":"max-image-preview:large","max-video-preview":"max-video-preview:-1"},"canonical":"https:\/\/www.proactionbikerent.com\/de\/fahrradverleih-auf-lanzarote\/road-bikes-lanzarote-de\/r2-lanzarote\/","og_locale":"de_DE","og_type":"article","og_title":"R2 LANZAROTE","og_description":"Unser R2 ist ein Rennrad das entwickelt wurde um Asphalt zu verschlingen. Leichtigkeit seines Carbonrahmens und seine 11 G\u00e4nge verwandeln jede Stra\u00dfe in einen Raum, in dem Sie jeden Pedaltritt genie\u00dfen k\u00f6nnen. Probieren Sie es aus und Sie werden nicht mehr absteigen wollen. &nbsp;","og_url":"https:\/\/www.proactionbikerent.com\/de\/fahrradverleih-auf-lanzarote\/road-bikes-lanzarote-de\/r2-lanzarote\/","og_site_name":"Bike Rental Lanzarote &amp; Fuerteventura - ProAction","article_modified_time":"2022-08-31T16:42:07+00:00","og_image":[{"width":1280,"height":720,"url":"https:\/\/www.proactionbikerent.com\/wp-content\/uploads\/2022\/05\/r2-lanza.jpg","type":"image\/jpeg"}],"twitter_card":"summary_large_image","twitter_misc":{"Gesch\u00e4tzte Lesezeit":"1\u00a0Minute"},"schema":{"@context":"https:\/\/schema.org","@graph":[{"@type":"WebPage","@id":"https:\/\/www.proactionbikerent.com\/de\/fahrradverleih-auf-lanzarote\/road-bikes-lanzarote-de\/r2-lanzarote\/","url":"https:\/\/www.proactionbikerent.com\/de\/fahrradverleih-auf-lanzarote\/road-bikes-lanzarote-de\/r2-lanzarote\/","name":"R2 LANZAROTE - Bike Rental Lanzarote &amp; Fuerteventura - ProAction","isPartOf":{"@id":"https:\/\/www.proactionbikerent.com\/de\/#website"},"primaryImageOfPage":{"@id":"https:\/\/www.proactionbikerent.com\/de\/fahrradverleih-auf-lanzarote\/road-bikes-lanzarote-de\/r2-lanzarote\/#primaryimage"},"image":{"@id":"https:\/\/www.proactionbikerent.com\/de\/fahrradverleih-auf-lanzarote\/road-bikes-lanzarote-de\/r2-lanzarote\/#primaryimage"},"thumbnailUrl":"https:\/\/www.proactionbikerent.com\/wp-content\/uploads\/2022\/05\/r2-lanza.jpg","datePublished":"2022-05-06T12:11:30+00:00","dateModified":"2022-08-31T16:42:07+00:00","breadcrumb":{"@id":"https:\/\/www.proactionbikerent.com\/de\/fahrradverleih-auf-lanzarote\/road-bikes-lanzarote-de\/r2-lanzarote\/#breadcrumb"},"inLanguage":"de","potentialAction":[{"@type":"ReadAction","target":["https:\/\/www.proactionbikerent.com\/de\/fahrradverleih-auf-lanzarote\/road-bikes-lanzarote-de\/r2-lanzarote\/"]}]},{"@type":"ImageObject","inLanguage":"de","@id":"https:\/\/www.proactionbikerent.com\/de\/fahrradverleih-auf-lanzarote\/road-bikes-lanzarote-de\/r2-lanzarote\/#primaryimage","url":"https:\/\/www.proactionbikerent.com\/wp-content\/uploads\/2022\/05\/r2-lanza.jpg","contentUrl":"https:\/\/www.proactionbikerent.com\/wp-content\/uploads\/2022\/05\/r2-lanza.jpg","width":1280,"height":720},{"@type":"BreadcrumbList","@id":"https:\/\/www.proactionbikerent.com\/de\/fahrradverleih-auf-lanzarote\/road-bikes-lanzarote-de\/r2-lanzarote\/#breadcrumb","itemListElement":[{"@type":"ListItem","position":1,"name":"Home","item":"https:\/\/www.proactionbikerent.com\/de\/proaction-fahrradverleih-auf-lanzarote-und-fuerteventura-2\/"},{"@type":"ListItem","position":2,"name":"Alquiler de bicicletas","item":"https:\/\/www.proactionbikerent.com\/alquiler-de-bicicletas\/"},{"@type":"ListItem","position":3,"name":"R2 LANZAROTE"}]},{"@type":"WebSite","@id":"https:\/\/www.proactionbikerent.com\/de\/#website","url":"https:\/\/www.proactionbikerent.com\/de\/","name":"Bike Rental Lanzarote &amp; Fuerteventura - ProAction","description":"Bike Shop, Repair &amp; Bike Rental","publisher":{"@id":"https:\/\/www.proactionbikerent.com\/de\/#organization"},"potentialAction":[{"@type":"SearchAction","target":{"@type":"EntryPoint","urlTemplate":"https:\/\/www.proactionbikerent.com\/de\/?s={search_term_string}"},"query-input":{"@type":"PropertyValueSpecification","valueRequired":true,"valueName":"search_term_string"}}],"inLanguage":"de"},{"@type":"Organization","@id":"https:\/\/www.proactionbikerent.com\/de\/#organization","name":"Bike Rental Lanzarote &amp; Fuerteventura - ProAction","url":"https:\/\/www.proactionbikerent.com\/de\/","logo":{"@type":"ImageObject","inLanguage":"de","@id":"https:\/\/www.proactionbikerent.com\/de\/#\/schema\/logo\/image\/","url":"https:\/\/www.proactionbikerent.com\/wp-content\/uploads\/2022\/04\/logo-Proaction.png","contentUrl":"https:\/\/www.proactionbikerent.com\/wp-content\/uploads\/2022\/04\/logo-Proaction.png","width":450,"height":313,"caption":"Bike Rental Lanzarote &amp; Fuerteventura - ProAction"},"image":{"@id":"https:\/\/www.proactionbikerent.com\/de\/#\/schema\/logo\/image\/"}}]}},"jetpack_sharing_enabled":true,"_links":{"self":[{"href":"https:\/\/www.proactionbikerent.com\/de\/wp-json\/wp\/v2\/product\/5144","targetHints":{"allow":["GET"]}}],"collection":[{"href":"https:\/\/www.proactionbikerent.com\/de\/wp-json\/wp\/v2\/product"}],"about":[{"href":"https:\/\/www.proactionbikerent.com\/de\/wp-json\/wp\/v2\/types\/product"}],"version-history":[{"count":1,"href":"https:\/\/www.proactionbikerent.com\/de\/wp-json\/wp\/v2\/product\/5144\/revisions"}],"predecessor-version":[{"id":6364,"href":"https:\/\/www.proactionbikerent.com\/de\/wp-json\/wp\/v2\/product\/5144\/revisions\/6364"}],"wp:featuredmedia":[{"embeddable":true,"href":"https:\/\/www.proactionbikerent.com\/de\/wp-json\/wp\/v2\/media\/4625"}],"wp:attachment":[{"href":"https:\/\/www.proactionbikerent.com\/de\/wp-json\/wp\/v2\/media?parent=5144"}],"wp:term":[{"taxonomy":"product_brand","embeddable":true,"href":"https:\/\/www.proactionbikerent.com\/de\/wp-json\/wp\/v2\/product_brand?post=5144"},{"taxonomy":"product_cat","embeddable":true,"href":"https:\/\/www.proactionbikerent.com\/de\/wp-json\/wp\/v2\/product_cat?post=5144"},{"taxonomy":"product_tag","embeddable":true,"href":"https:\/\/www.proactionbikerent.com\/de\/wp-json\/wp\/v2\/product_tag?post=5144"}],"curies":[{"name":"wp","href":"https:\/\/api.w.org\/{rel}","templated":true}]}}