{"id":11336,"date":"2025-03-27T17:10:48","date_gmt":"2025-03-27T17:10:48","guid":{"rendered":"https:\/\/www.proactionbikerent.com\/unkategorisiert\/a5-lanzarote\/"},"modified":"2025-04-14T06:32:26","modified_gmt":"2025-04-14T06:32:26","slug":"a5-lanzarote","status":"publish","type":"product","link":"https:\/\/www.proactionbikerent.com\/de\/fahrradverleih-auf-lanzarote\/mtb-lanzarote-de\/a5-lanzarote\/","title":{"rendered":"A5 &#8211; Lanzarote"},"content":{"rendered":"<table class=\"tablaCaracteristicas\">\n<thead>\n<tr>\n<th colspan=\"5\">Modell: TREK Marlin 6 Gen 3<\/th>\n<\/tr>\n<\/thead>\n<tbody>\n<tr>\n<td><strong>Rahmen:<\/strong><\/td>\n<td>Alpha Silver Aluminium<\/td>\n<td rowspan=\"4\"><\/td>\n<td><strong>Federung:<\/strong><\/td>\n<td>RockShox Judy mit TurnKey-Lockout<\/td>\n<\/tr>\n<tr>\n<td><strong>Laufr\u00e4der:<\/strong><\/td>\n<td>29&#8243; Formula DC-22 (Gr\u00f6\u00dfe S 27,5&#8243;)<\/td>\n<td><strong>Schaltung:<\/strong><\/td>\n<td>Shimano CUES 6000 GS<\/td>\n<\/tr>\n<tr>\n<td><strong>Bremsen:<\/strong><\/td>\n<td>Tektro<\/td>\n<td><strong>Kassette:<\/strong><\/td>\n<td>Shimano LG 300, 11-48. 10 G\u00e4nge<\/td>\n<\/tr>\n<tr>\n<td><strong>Kurbelgarnitur:<\/strong><\/td>\n<td>FSA Alpha Drive 30 Z<\/td>\n<td><\/td>\n<td><\/td>\n<\/tr>\n<\/tbody>\n<\/table>\n","protected":false},"excerpt":{"rendered":"<p>Die A5 ist dein perfekter Begleiter, um auf Trails abzutauchen und das volle Bergabenteuer zu genie\u00dfen. Mit einer modernen, von Rennr\u00e4dern inspirierten Geometrie und einer Federung, die jede Unebenheit schluckt, bietet dieses MTB ein agiles, komfortables und spa\u00dfiges Fahrerlebnis. Ideal f\u00fcr alle, die das Abenteuer mit voller Kontrolle und Vertrauen erleben m\u00f6chten.<\/p>\n","protected":false},"featured_media":11324,"template":"","meta":{"inline_featured_image":false},"product_brand":[],"product_cat":[334],"product_tag":[],"class_list":{"0":"post-11336","1":"product","2":"type-product","3":"status-publish","4":"has-post-thumbnail","6":"product_cat-mtb-lanzarote-de","8":"first","9":"instock","10":"taxable","11":"shipping-taxable","12":"purchasable","13":"product-type-redq_rental"},"yoast_head":"<!-- This site is optimized with the Yoast SEO Premium plugin v18.5 (Yoast SEO v27.6) - https:\/\/yoast.com\/product\/yoast-seo-premium-wordpress\/ -->\n<title>A5 - Lanzarote - Bike Rental Lanzarote &amp; Fuerteventura - ProAction<\/title>\n<meta name=\"robots\" content=\"index, follow, max-snippet:-1, max-image-preview:large, max-video-preview:-1\" \/>\n<link rel=\"canonical\" href=\"https:\/\/www.proactionbikerent.com\/de\/fahrradverleih-auf-lanzarote\/mtb-lanzarote-de\/a5-lanzarote\/\" \/>\n<meta property=\"og:locale\" content=\"de_DE\" \/>\n<meta property=\"og:type\" content=\"article\" \/>\n<meta property=\"og:title\" content=\"A5 - Lanzarote\" \/>\n<meta property=\"og:description\" content=\"Die A5 ist dein perfekter Begleiter, um auf Trails abzutauchen und das volle Bergabenteuer zu genie\u00dfen. Mit einer modernen, von Rennr\u00e4dern inspirierten Geometrie und einer Federung, die jede Unebenheit schluckt, bietet dieses MTB ein agiles, komfortables und spa\u00dfiges Fahrerlebnis. Ideal f\u00fcr alle, die das Abenteuer mit voller Kontrolle und Vertrauen erleben m\u00f6chten.\" \/>\n<meta property=\"og:url\" content=\"https:\/\/www.proactionbikerent.com\/de\/fahrradverleih-auf-lanzarote\/mtb-lanzarote-de\/a5-lanzarote\/\" \/>\n<meta property=\"og:site_name\" content=\"Bike Rental Lanzarote &amp; Fuerteventura - ProAction\" \/>\n<meta property=\"article:modified_time\" content=\"2025-04-14T06:32:26+00:00\" \/>\n<meta property=\"og:image\" content=\"https:\/\/www.proactionbikerent.com\/wp-content\/uploads\/2025\/03\/A5-Marlin6-1.jpg\" \/>\n\t<meta property=\"og:image:width\" content=\"1280\" \/>\n\t<meta property=\"og:image:height\" content=\"720\" \/>\n\t<meta property=\"og:image:type\" content=\"image\/jpeg\" \/>\n<meta name=\"twitter:card\" content=\"summary_large_image\" \/>\n<meta name=\"twitter:label1\" content=\"Gesch\u00e4tzte Lesezeit\" \/>\n\t<meta name=\"twitter:data1\" content=\"1\u00a0Minute\" \/>\n<script type=\"application\/ld+json\" class=\"yoast-schema-graph\">{\"@context\":\"https:\\\/\\\/schema.org\",\"@graph\":[{\"@type\":\"WebPage\",\"@id\":\"https:\\\/\\\/www.proactionbikerent.com\\\/de\\\/fahrradverleih-auf-lanzarote\\\/mtb-lanzarote-de\\\/a5-lanzarote\\\/\",\"url\":\"https:\\\/\\\/www.proactionbikerent.com\\\/de\\\/fahrradverleih-auf-lanzarote\\\/mtb-lanzarote-de\\\/a5-lanzarote\\\/\",\"name\":\"A5 - Lanzarote - Bike Rental Lanzarote &amp; Fuerteventura - ProAction\",\"isPartOf\":{\"@id\":\"https:\\\/\\\/www.proactionbikerent.com\\\/de\\\/#website\"},\"primaryImageOfPage\":{\"@id\":\"https:\\\/\\\/www.proactionbikerent.com\\\/de\\\/fahrradverleih-auf-lanzarote\\\/mtb-lanzarote-de\\\/a5-lanzarote\\\/#primaryimage\"},\"image\":{\"@id\":\"https:\\\/\\\/www.proactionbikerent.com\\\/de\\\/fahrradverleih-auf-lanzarote\\\/mtb-lanzarote-de\\\/a5-lanzarote\\\/#primaryimage\"},\"thumbnailUrl\":\"https:\\\/\\\/www.proactionbikerent.com\\\/wp-content\\\/uploads\\\/2025\\\/03\\\/A5-Marlin6-1.jpg\",\"datePublished\":\"2025-03-27T17:10:48+00:00\",\"dateModified\":\"2025-04-14T06:32:26+00:00\",\"breadcrumb\":{\"@id\":\"https:\\\/\\\/www.proactionbikerent.com\\\/de\\\/fahrradverleih-auf-lanzarote\\\/mtb-lanzarote-de\\\/a5-lanzarote\\\/#breadcrumb\"},\"inLanguage\":\"de\",\"potentialAction\":[{\"@type\":\"ReadAction\",\"target\":[\"https:\\\/\\\/www.proactionbikerent.com\\\/de\\\/fahrradverleih-auf-lanzarote\\\/mtb-lanzarote-de\\\/a5-lanzarote\\\/\"]}]},{\"@type\":\"ImageObject\",\"inLanguage\":\"de\",\"@id\":\"https:\\\/\\\/www.proactionbikerent.com\\\/de\\\/fahrradverleih-auf-lanzarote\\\/mtb-lanzarote-de\\\/a5-lanzarote\\\/#primaryimage\",\"url\":\"https:\\\/\\\/www.proactionbikerent.com\\\/wp-content\\\/uploads\\\/2025\\\/03\\\/A5-Marlin6-1.jpg\",\"contentUrl\":\"https:\\\/\\\/www.proactionbikerent.com\\\/wp-content\\\/uploads\\\/2025\\\/03\\\/A5-Marlin6-1.jpg\",\"width\":1280,\"height\":720,\"caption\":\"A5-Marlin6\"},{\"@type\":\"BreadcrumbList\",\"@id\":\"https:\\\/\\\/www.proactionbikerent.com\\\/de\\\/fahrradverleih-auf-lanzarote\\\/mtb-lanzarote-de\\\/a5-lanzarote\\\/#breadcrumb\",\"itemListElement\":[{\"@type\":\"ListItem\",\"position\":1,\"name\":\"Home\",\"item\":\"https:\\\/\\\/www.proactionbikerent.com\\\/de\\\/proaction-fahrradverleih-auf-lanzarote-und-fuerteventura-2\\\/\"},{\"@type\":\"ListItem\",\"position\":2,\"name\":\"Alquiler de bicicletas\",\"item\":\"https:\\\/\\\/www.proactionbikerent.com\\\/alquiler-de-bicicletas\\\/\"},{\"@type\":\"ListItem\",\"position\":3,\"name\":\"A5 &#8211; Lanzarote\"}]},{\"@type\":\"WebSite\",\"@id\":\"https:\\\/\\\/www.proactionbikerent.com\\\/de\\\/#website\",\"url\":\"https:\\\/\\\/www.proactionbikerent.com\\\/de\\\/\",\"name\":\"Bike Rental Lanzarote &amp; Fuerteventura - ProAction\",\"description\":\"Bike Shop, Repair &amp; Bike Rental\",\"publisher\":{\"@id\":\"https:\\\/\\\/www.proactionbikerent.com\\\/de\\\/#organization\"},\"potentialAction\":[{\"@type\":\"SearchAction\",\"target\":{\"@type\":\"EntryPoint\",\"urlTemplate\":\"https:\\\/\\\/www.proactionbikerent.com\\\/de\\\/?s={search_term_string}\"},\"query-input\":{\"@type\":\"PropertyValueSpecification\",\"valueRequired\":true,\"valueName\":\"search_term_string\"}}],\"inLanguage\":\"de\"},{\"@type\":\"Organization\",\"@id\":\"https:\\\/\\\/www.proactionbikerent.com\\\/de\\\/#organization\",\"name\":\"Bike Rental Lanzarote &amp; Fuerteventura - ProAction\",\"url\":\"https:\\\/\\\/www.proactionbikerent.com\\\/de\\\/\",\"logo\":{\"@type\":\"ImageObject\",\"inLanguage\":\"de\",\"@id\":\"https:\\\/\\\/www.proactionbikerent.com\\\/de\\\/#\\\/schema\\\/logo\\\/image\\\/\",\"url\":\"https:\\\/\\\/www.proactionbikerent.com\\\/wp-content\\\/uploads\\\/2022\\\/04\\\/logo-Proaction.png\",\"contentUrl\":\"https:\\\/\\\/www.proactionbikerent.com\\\/wp-content\\\/uploads\\\/2022\\\/04\\\/logo-Proaction.png\",\"width\":450,\"height\":313,\"caption\":\"Bike Rental Lanzarote &amp; Fuerteventura - ProAction\"},\"image\":{\"@id\":\"https:\\\/\\\/www.proactionbikerent.com\\\/de\\\/#\\\/schema\\\/logo\\\/image\\\/\"}}]}<\/script>\n<!-- \/ Yoast SEO Premium plugin. -->","yoast_head_json":{"title":"A5 - Lanzarote - Bike Rental Lanzarote &amp; Fuerteventura - ProAction","robots":{"index":"index","follow":"follow","max-snippet":"max-snippet:-1","max-image-preview":"max-image-preview:large","max-video-preview":"max-video-preview:-1"},"canonical":"https:\/\/www.proactionbikerent.com\/de\/fahrradverleih-auf-lanzarote\/mtb-lanzarote-de\/a5-lanzarote\/","og_locale":"de_DE","og_type":"article","og_title":"A5 - Lanzarote","og_description":"Die A5 ist dein perfekter Begleiter, um auf Trails abzutauchen und das volle Bergabenteuer zu genie\u00dfen. Mit einer modernen, von Rennr\u00e4dern inspirierten Geometrie und einer Federung, die jede Unebenheit schluckt, bietet dieses MTB ein agiles, komfortables und spa\u00dfiges Fahrerlebnis. Ideal f\u00fcr alle, die das Abenteuer mit voller Kontrolle und Vertrauen erleben m\u00f6chten.","og_url":"https:\/\/www.proactionbikerent.com\/de\/fahrradverleih-auf-lanzarote\/mtb-lanzarote-de\/a5-lanzarote\/","og_site_name":"Bike Rental Lanzarote &amp; Fuerteventura - ProAction","article_modified_time":"2025-04-14T06:32:26+00:00","og_image":[{"width":1280,"height":720,"url":"https:\/\/www.proactionbikerent.com\/wp-content\/uploads\/2025\/03\/A5-Marlin6-1.jpg","type":"image\/jpeg"}],"twitter_card":"summary_large_image","twitter_misc":{"Gesch\u00e4tzte Lesezeit":"1\u00a0Minute"},"schema":{"@context":"https:\/\/schema.org","@graph":[{"@type":"WebPage","@id":"https:\/\/www.proactionbikerent.com\/de\/fahrradverleih-auf-lanzarote\/mtb-lanzarote-de\/a5-lanzarote\/","url":"https:\/\/www.proactionbikerent.com\/de\/fahrradverleih-auf-lanzarote\/mtb-lanzarote-de\/a5-lanzarote\/","name":"A5 - Lanzarote - Bike Rental Lanzarote &amp; Fuerteventura - ProAction","isPartOf":{"@id":"https:\/\/www.proactionbikerent.com\/de\/#website"},"primaryImageOfPage":{"@id":"https:\/\/www.proactionbikerent.com\/de\/fahrradverleih-auf-lanzarote\/mtb-lanzarote-de\/a5-lanzarote\/#primaryimage"},"image":{"@id":"https:\/\/www.proactionbikerent.com\/de\/fahrradverleih-auf-lanzarote\/mtb-lanzarote-de\/a5-lanzarote\/#primaryimage"},"thumbnailUrl":"https:\/\/www.proactionbikerent.com\/wp-content\/uploads\/2025\/03\/A5-Marlin6-1.jpg","datePublished":"2025-03-27T17:10:48+00:00","dateModified":"2025-04-14T06:32:26+00:00","breadcrumb":{"@id":"https:\/\/www.proactionbikerent.com\/de\/fahrradverleih-auf-lanzarote\/mtb-lanzarote-de\/a5-lanzarote\/#breadcrumb"},"inLanguage":"de","potentialAction":[{"@type":"ReadAction","target":["https:\/\/www.proactionbikerent.com\/de\/fahrradverleih-auf-lanzarote\/mtb-lanzarote-de\/a5-lanzarote\/"]}]},{"@type":"ImageObject","inLanguage":"de","@id":"https:\/\/www.proactionbikerent.com\/de\/fahrradverleih-auf-lanzarote\/mtb-lanzarote-de\/a5-lanzarote\/#primaryimage","url":"https:\/\/www.proactionbikerent.com\/wp-content\/uploads\/2025\/03\/A5-Marlin6-1.jpg","contentUrl":"https:\/\/www.proactionbikerent.com\/wp-content\/uploads\/2025\/03\/A5-Marlin6-1.jpg","width":1280,"height":720,"caption":"A5-Marlin6"},{"@type":"BreadcrumbList","@id":"https:\/\/www.proactionbikerent.com\/de\/fahrradverleih-auf-lanzarote\/mtb-lanzarote-de\/a5-lanzarote\/#breadcrumb","itemListElement":[{"@type":"ListItem","position":1,"name":"Home","item":"https:\/\/www.proactionbikerent.com\/de\/proaction-fahrradverleih-auf-lanzarote-und-fuerteventura-2\/"},{"@type":"ListItem","position":2,"name":"Alquiler de bicicletas","item":"https:\/\/www.proactionbikerent.com\/alquiler-de-bicicletas\/"},{"@type":"ListItem","position":3,"name":"A5 &#8211; Lanzarote"}]},{"@type":"WebSite","@id":"https:\/\/www.proactionbikerent.com\/de\/#website","url":"https:\/\/www.proactionbikerent.com\/de\/","name":"Bike Rental Lanzarote &amp; Fuerteventura - ProAction","description":"Bike Shop, Repair &amp; Bike Rental","publisher":{"@id":"https:\/\/www.proactionbikerent.com\/de\/#organization"},"potentialAction":[{"@type":"SearchAction","target":{"@type":"EntryPoint","urlTemplate":"https:\/\/www.proactionbikerent.com\/de\/?s={search_term_string}"},"query-input":{"@type":"PropertyValueSpecification","valueRequired":true,"valueName":"search_term_string"}}],"inLanguage":"de"},{"@type":"Organization","@id":"https:\/\/www.proactionbikerent.com\/de\/#organization","name":"Bike Rental Lanzarote &amp; Fuerteventura - ProAction","url":"https:\/\/www.proactionbikerent.com\/de\/","logo":{"@type":"ImageObject","inLanguage":"de","@id":"https:\/\/www.proactionbikerent.com\/de\/#\/schema\/logo\/image\/","url":"https:\/\/www.proactionbikerent.com\/wp-content\/uploads\/2022\/04\/logo-Proaction.png","contentUrl":"https:\/\/www.proactionbikerent.com\/wp-content\/uploads\/2022\/04\/logo-Proaction.png","width":450,"height":313,"caption":"Bike Rental Lanzarote &amp; Fuerteventura - ProAction"},"image":{"@id":"https:\/\/www.proactionbikerent.com\/de\/#\/schema\/logo\/image\/"}}]}},"jetpack_sharing_enabled":true,"_links":{"self":[{"href":"https:\/\/www.proactionbikerent.com\/de\/wp-json\/wp\/v2\/product\/11336","targetHints":{"allow":["GET"]}}],"collection":[{"href":"https:\/\/www.proactionbikerent.com\/de\/wp-json\/wp\/v2\/product"}],"about":[{"href":"https:\/\/www.proactionbikerent.com\/de\/wp-json\/wp\/v2\/types\/product"}],"version-history":[{"count":3,"href":"https:\/\/www.proactionbikerent.com\/de\/wp-json\/wp\/v2\/product\/11336\/revisions"}],"predecessor-version":[{"id":11370,"href":"https:\/\/www.proactionbikerent.com\/de\/wp-json\/wp\/v2\/product\/11336\/revisions\/11370"}],"wp:featuredmedia":[{"embeddable":true,"href":"https:\/\/www.proactionbikerent.com\/de\/wp-json\/wp\/v2\/media\/11324"}],"wp:attachment":[{"href":"https:\/\/www.proactionbikerent.com\/de\/wp-json\/wp\/v2\/media?parent=11336"}],"wp:term":[{"taxonomy":"product_brand","embeddable":true,"href":"https:\/\/www.proactionbikerent.com\/de\/wp-json\/wp\/v2\/product_brand?post=11336"},{"taxonomy":"product_cat","embeddable":true,"href":"https:\/\/www.proactionbikerent.com\/de\/wp-json\/wp\/v2\/product_cat?post=11336"},{"taxonomy":"product_tag","embeddable":true,"href":"https:\/\/www.proactionbikerent.com\/de\/wp-json\/wp\/v2\/product_tag?post=11336"}],"curies":[{"name":"wp","href":"https:\/\/api.w.org\/{rel}","templated":true}]}}